{"id":222,"date":"2024-11-26T15:58:15","date_gmt":"2024-11-26T20:58:15","guid":{"rendered":"https:\/\/misionerassocialesdelaiglesia.org.ec\/?page_id=222"},"modified":"2025-01-07T16:38:48","modified_gmt":"2025-01-07T21:38:48","slug":"nuestro-fundador","status":"publish","type":"page","link":"https:\/\/misionerassocialesdelaiglesia.org.ec\/?page_id=222","title":{"rendered":"Nuestro Fundador"},"content":{"rendered":"\t\t<div data-elementor-type=\"wp-page\" data-elementor-id=\"222\" class=\"elementor elementor-222\" data-elementor-settings=\"{&quot;element_pack_global_tooltip_width&quot;:{&quot;unit&quot;:&quot;px&quot;,&quot;size&quot;:&quot;&quot;,&quot;sizes&quot;:[]},&quot;element_pack_global_tooltip_width_tablet&quot;:{&quot;unit&quot;:&quot;px&quot;,&quot;size&quot;:&quot;&quot;,&quot;sizes&quot;:[]},&quot;element_pack_global_tooltip_width_mobile&quot;:{&quot;unit&quot;:&quot;px&quot;,&quot;size&quot;:&quot;&quot;,&quot;sizes&quot;:[]},&quot;element_pack_global_tooltip_padding&quot;:{&quot;unit&quot;:&quot;px&quot;,&quot;top&quot;:&quot;&quot;,&quot;right&quot;:&quot;&quot;,&quot;bottom&quot;:&quot;&quot;,&quot;left&quot;:&quot;&quot;,&quot;isLinked&quot;:true},&quot;element_pack_global_tooltip_padding_tablet&quot;:{&quot;unit&quot;:&quot;px&quot;,&quot;top&quot;:&quot;&quot;,&quot;right&quot;:&quot;&quot;,&quot;bottom&quot;:&quot;&quot;,&quot;left&quot;:&quot;&quot;,&quot;isLinked&quot;:true},&quot;element_pack_global_tooltip_padding_mobile&quot;:{&quot;unit&quot;:&quot;px&quot;,&quot;top&quot;:&quot;&quot;,&quot;right&quot;:&quot;&quot;,&quot;bottom&quot;:&quot;&quot;,&quot;left&quot;:&quot;&quot;,&quot;isLinked&quot;:true},&quot;element_pack_global_tooltip_border_radius&quot;:{&quot;unit&quot;:&quot;px&quot;,&quot;top&quot;:&quot;&quot;,&quot;right&quot;:&quot;&quot;,&quot;bottom&quot;:&quot;&quot;,&quot;left&quot;:&quot;&quot;,&quot;isLinked&quot;:true},&quot;element_pack_global_tooltip_border_radius_tablet&quot;:{&quot;unit&quot;:&quot;px&quot;,&quot;top&quot;:&quot;&quot;,&quot;right&quot;:&quot;&quot;,&quot;bottom&quot;:&quot;&quot;,&quot;left&quot;:&quot;&quot;,&quot;isLinked&quot;:true},&quot;element_pack_global_tooltip_border_radius_mobile&quot;:{&quot;unit&quot;:&quot;px&quot;,&quot;top&quot;:&quot;&quot;,&quot;right&quot;:&quot;&quot;,&quot;bottom&quot;:&quot;&quot;,&quot;left&quot;:&quot;&quot;,&quot;isLinked&quot;:true}}\" data-elementor-post-type=\"page\">\n\t\t\t\t<div class=\"elementor-element elementor-element-6824b6f e-con-full e-flex wpr-particle-no wpr-jarallax-no wpr-parallax-no wpr-sticky-section-no wpr-equal-height-no e-con e-parent\" data-id=\"6824b6f\" data-element_type=\"container\" data-e-type=\"container\">\n\t\t<div class=\"elementor-element elementor-element-823a0e4 e-flex e-con-boxed wpr-particle-no wpr-jarallax-no wpr-parallax-no wpr-sticky-section-no wpr-equal-height-no e-con e-child\" data-id=\"823a0e4\" data-element_type=\"container\" data-e-type=\"container\" data-settings=\"{&quot;background_background&quot;:&quot;classic&quot;}\">\n\t\t\t\t\t<div class=\"e-con-inner\">\n\t\t\t\t<div class=\"elementor-element elementor-element-08ccbff elementor-widget elementor-widget-spacer\" data-id=\"08ccbff\" data-element_type=\"widget\" data-e-type=\"widget\" data-widget_type=\"spacer.default\">\n\t\t\t\t<div class=\"elementor-widget-container\">\n\t\t\t\t\t\t\t<div class=\"elementor-spacer\">\n\t\t\t<div class=\"elementor-spacer-inner\"><\/div>\n\t\t<\/div>\n\t\t\t\t\t\t<\/div>\n\t\t\t\t<\/div>\n\t\t\t\t<div class=\"elementor-element elementor-element-4d99f27 elementor-widget elementor-widget-heading\" data-id=\"4d99f27\" data-element_type=\"widget\" data-e-type=\"widget\" data-widget_type=\"heading.default\">\n\t\t\t\t<div class=\"elementor-widget-container\">\n\t\t\t\t\t<h2 class=\"elementor-heading-title elementor-size-default\">Nuestra Historia<\/h2>\t\t\t\t<\/div>\n\t\t\t\t<\/div>\n\t\t\t\t\t<\/div>\n\t\t\t\t<\/div>\n\t\t\t\t<\/div>\n\t\t<div class=\"elementor-element elementor-element-231d3eb e-con-full e-flex wpr-particle-no wpr-jarallax-no wpr-parallax-no wpr-sticky-section-no wpr-equal-height-no e-con e-parent\" data-id=\"231d3eb\" data-element_type=\"container\" data-e-type=\"container\" data-settings=\"{&quot;background_background&quot;:&quot;classic&quot;}\">\n\t\t<div class=\"elementor-element elementor-element-46fcd19 e-con-full e-flex wpr-particle-no wpr-jarallax-no wpr-parallax-no wpr-sticky-section-no wpr-equal-height-no e-con e-child\" data-id=\"46fcd19\" data-element_type=\"container\" data-e-type=\"container\">\n\t\t<div class=\"elementor-element elementor-element-8b2ead5 e-con-full e-flex wpr-particle-no wpr-jarallax-no wpr-parallax-no wpr-sticky-section-no wpr-equal-height-no e-con e-child\" data-id=\"8b2ead5\" data-element_type=\"container\" data-e-type=\"container\">\n\t\t\t\t<div class=\"elementor-element elementor-element-9ce6221 elementor-widget elementor-widget-heading\" data-id=\"9ce6221\" data-element_type=\"widget\" data-e-type=\"widget\" data-widget_type=\"heading.default\">\n\t\t\t\t<div class=\"elementor-widget-container\">\n\t\t\t\t\t<h2 class=\"elementor-heading-title elementor-size-default\">Nuestro Fundador<\/h2>\t\t\t\t<\/div>\n\t\t\t\t<\/div>\n\t\t\t\t<\/div>\n\t\t<div class=\"elementor-element elementor-element-9523afe e-con-full e-flex wpr-particle-no wpr-jarallax-no wpr-parallax-no wpr-sticky-section-no wpr-equal-height-no e-con e-child\" data-id=\"9523afe\" data-element_type=\"container\" data-e-type=\"container\">\n\t\t\t\t<div class=\"elementor-element elementor-element-5533fd0 elementor-widget elementor-widget-heading\" data-id=\"5533fd0\" data-element_type=\"widget\" data-e-type=\"widget\" data-widget_type=\"heading.default\">\n\t\t\t\t<div class=\"elementor-widget-container\">\n\t\t\t\t\t<h2 class=\"elementor-heading-title elementor-size-default\">Biograf\u00eda <\/h2>\t\t\t\t<\/div>\n\t\t\t\t<\/div>\n\t\t\t\t<div class=\"elementor-element elementor-element-cacdc07 elementor-widget elementor-widget-text-editor\" data-id=\"cacdc07\" data-element_type=\"widget\" data-e-type=\"widget\" data-widget_type=\"text-editor.default\">\n\t\t\t\t<div class=\"elementor-widget-container\">\n\t\t\t\t\t\t\t\t\t<p>El P. Juli\u00e1n Lorente Lozano naci\u00f3 el 26 de agosto de 1918 en La Calzada de Oropesa (Toledo). Fue el sexto de siete hermanos en una familia profundamente religiosa: su padre, Desiderio Lorente, era un hombre de gran fe y honor, mientras que su madre, Francisca Lozano, destacaba por su bondad y generosidad.<br \/>Durante la Guerra Civil Espa\u00f1ola (1936-1939), vivi\u00f3 la dureza del conflicto, una experiencia que lo marc\u00f3 profundamente, desarrollando una gran empat\u00eda hacia los pobres. Tras la guerra, estudi\u00f3 Farmacia en Madrid, donde se gradu\u00f3 en 1945.<br \/>Fue ordenado sacerdote el 9 de septiembre de 1951 en \u00c1vila. En 1952, cumpli\u00f3 su sue\u00f1o de ser misionero en Hispanoam\u00e9rica, primero en Nicaragua y luego en Ecuador. Su labor fue incansable, ayudando a los m\u00e1s necesitados mediante la fundaci\u00f3n de comedores, escuelas, dispensarios y ofreciendo atenci\u00f3n m\u00e9dica. Su salud se vio afectada por el agotamiento, lo que le oblig\u00f3 a regresar a Espa\u00f1a en 1970.<br \/>A lo largo de su vida, fund\u00f3 dos congregaciones: en 1953, las Misioneras Catequistas Lumen Christi en Nicaragua, y en 1965, las Misioneras Sociales de la Iglesia en Ecuador.<br \/>Falleci\u00f3 el 9 de mayo de 2015, a los 96 a\u00f1os, en Plasencia (Espa\u00f1a). Sus restos descansan en la Capilla de la Casa Madre de las Misioneras Sociales de la Iglesia en Loja, Ecuador.<\/p>\t\t\t\t\t\t\t\t<\/div>\n\t\t\t\t<\/div>\n\t\t\t\t<\/div>\n\t\t\t\t<\/div>\n\t\t<div class=\"elementor-element elementor-element-3670c98 e-con-full e-flex wpr-particle-no wpr-jarallax-no wpr-parallax-no wpr-sticky-section-no wpr-equal-height-no e-con e-child\" data-id=\"3670c98\" data-element_type=\"container\" data-e-type=\"container\" data-settings=\"{&quot;background_background&quot;:&quot;classic&quot;}\">\n\t\t\t\t<div class=\"elementor-element elementor-element-600153b elementor-widget elementor-widget-image\" data-id=\"600153b\" data-element_type=\"widget\" data-e-type=\"widget\" data-widget_type=\"image.default\">\n\t\t\t\t<div class=\"elementor-widget-container\">\n\t\t\t\t\t\t\t\t\t\t\t\t\t\t\t<img fetchpriority=\"high\" decoding=\"async\" width=\"309\" height=\"461\" src=\"https:\/\/misionerassocialesdelaiglesia.org.ec\/wp-content\/uploads\/2024\/12\/cura.png\" class=\"attachment-large size-large wp-image-1289\" alt=\"\" srcset=\"https:\/\/misionerassocialesdelaiglesia.org.ec\/wp-content\/uploads\/2024\/12\/cura.png 309w, https:\/\/misionerassocialesdelaiglesia.org.ec\/wp-content\/uploads\/2024\/12\/cura-201x300.png 201w\" sizes=\"(max-width: 309px) 100vw, 309px\" \/>\t\t\t\t\t\t\t\t\t\t\t\t\t\t\t<\/div>\n\t\t\t\t<\/div>\n\t\t\t\t<div class=\"elementor-element elementor-element-abea611 elementor-widget elementor-widget-text-editor\" data-id=\"abea611\" data-element_type=\"widget\" data-e-type=\"widget\" data-widget_type=\"text-editor.default\">\n\t\t\t\t<div class=\"elementor-widget-container\">\n\t\t\t\t\t\t\t\t\t<p><strong>P. Juli\u00e1n Lorente Lozano<\/strong><\/p>\t\t\t\t\t\t\t\t<\/div>\n\t\t\t\t<\/div>\n\t\t\t\t<\/div>\n\t\t\t\t<\/div>\n\t\t<div class=\"elementor-element elementor-element-a0ba9ff e-con-full e-flex wpr-particle-no wpr-jarallax-no wpr-parallax-no wpr-sticky-section-no wpr-equal-height-no e-con e-parent\" data-id=\"a0ba9ff\" data-element_type=\"container\" data-e-type=\"container\" data-settings=\"{&quot;background_background&quot;:&quot;classic&quot;}\">\n\t\t<div class=\"elementor-element elementor-element-f7d7a0f e-con-full e-flex wpr-particle-no wpr-jarallax-no wpr-parallax-no wpr-sticky-section-no wpr-equal-height-no e-con e-child\" data-id=\"f7d7a0f\" data-element_type=\"container\" data-e-type=\"container\" data-settings=\"{&quot;background_background&quot;:&quot;classic&quot;}\">\n\t\t\t\t<div class=\"elementor-element elementor-element-5b71643 elementor-widget elementor-widget-image\" data-id=\"5b71643\" data-element_type=\"widget\" data-e-type=\"widget\" data-widget_type=\"image.default\">\n\t\t\t\t<div class=\"elementor-widget-container\">\n\t\t\t\t\t\t\t\t\t\t\t\t\t\t\t<img decoding=\"async\" width=\"309\" height=\"461\" src=\"https:\/\/misionerassocialesdelaiglesia.org.ec\/wp-content\/uploads\/2024\/11\/Hna.-Amada-Graciela-Campos-Delgado.png\" class=\"attachment-large size-large wp-image-359\" alt=\"\" srcset=\"https:\/\/misionerassocialesdelaiglesia.org.ec\/wp-content\/uploads\/2024\/11\/Hna.-Amada-Graciela-Campos-Delgado.png 309w, https:\/\/misionerassocialesdelaiglesia.org.ec\/wp-content\/uploads\/2024\/11\/Hna.-Amada-Graciela-Campos-Delgado-201x300.png 201w\" sizes=\"(max-width: 309px) 100vw, 309px\" \/>\t\t\t\t\t\t\t\t\t\t\t\t\t\t\t<\/div>\n\t\t\t\t<\/div>\n\t\t\t\t<div class=\"elementor-element elementor-element-e3f287f elementor-widget elementor-widget-text-editor\" data-id=\"e3f287f\" data-element_type=\"widget\" data-e-type=\"widget\" data-widget_type=\"text-editor.default\">\n\t\t\t\t<div class=\"elementor-widget-container\">\n\t\t\t\t\t\t\t\t\t<p>Hna. Amada Graciela Campos Delgado<\/p>\t\t\t\t\t\t\t\t<\/div>\n\t\t\t\t<\/div>\n\t\t\t\t<\/div>\n\t\t<div class=\"elementor-element elementor-element-b4592f3 e-con-full e-flex wpr-particle-no wpr-jarallax-no wpr-parallax-no wpr-sticky-section-no wpr-equal-height-no e-con e-child\" data-id=\"b4592f3\" data-element_type=\"container\" data-e-type=\"container\">\n\t\t<div class=\"elementor-element elementor-element-cfb92ff e-con-full e-flex wpr-particle-no wpr-jarallax-no wpr-parallax-no wpr-sticky-section-no wpr-equal-height-no e-con e-child\" data-id=\"cfb92ff\" data-element_type=\"container\" data-e-type=\"container\">\n\t\t\t\t<div class=\"elementor-element elementor-element-01019bb elementor-widget elementor-widget-heading\" data-id=\"01019bb\" data-element_type=\"widget\" data-e-type=\"widget\" data-widget_type=\"heading.default\">\n\t\t\t\t<div class=\"elementor-widget-container\">\n\t\t\t\t\t<h2 class=\"elementor-heading-title elementor-size-default\">Nuestra Cofundadora<\/h2>\t\t\t\t<\/div>\n\t\t\t\t<\/div>\n\t\t\t\t<\/div>\n\t\t<div class=\"elementor-element elementor-element-357739a e-con-full e-flex wpr-particle-no wpr-jarallax-no wpr-parallax-no wpr-sticky-section-no wpr-equal-height-no e-con e-child\" data-id=\"357739a\" data-element_type=\"container\" data-e-type=\"container\">\n\t\t\t\t<div class=\"elementor-element elementor-element-fd0a359 elementor-widget elementor-widget-heading\" data-id=\"fd0a359\" data-element_type=\"widget\" data-e-type=\"widget\" data-widget_type=\"heading.default\">\n\t\t\t\t<div class=\"elementor-widget-container\">\n\t\t\t\t\t<h2 class=\"elementor-heading-title elementor-size-default\">Biograf\u00eda <\/h2>\t\t\t\t<\/div>\n\t\t\t\t<\/div>\n\t\t\t\t<div class=\"elementor-element elementor-element-f9c2c0a elementor-widget elementor-widget-text-editor\" data-id=\"f9c2c0a\" data-element_type=\"widget\" data-e-type=\"widget\" data-widget_type=\"text-editor.default\">\n\t\t\t\t<div class=\"elementor-widget-container\">\n\t\t\t\t\t\t\t\t\t<p>Hna. Amada Graciela Campos Delgado naci\u00f3 en Riobamba, Ecuador, el 26 de noviembre de 1926, hija de Avelino Campos y Abigail Delgado. Ingres\u00f3 a la Congregaci\u00f3n del Buen Pastor el 26 de mayo de 1947, donde hizo su primera profesi\u00f3n temporal en 1950 y su profesi\u00f3n perpetua en 1953.<br \/>En 1965, con la autorizaci\u00f3n de la Santa Sede, se traslad\u00f3 a Loja, Ecuador, para ayudar en la formaci\u00f3n de la nueva Congregaci\u00f3n de las Misioneras Sociales de la Iglesia, tras la disoluci\u00f3n de la Congregaci\u00f3n Cesante de las Hermanas Auxiliares del Buen Pastor, de acuerdo con las disposiciones del Concilio Vaticano II. En 1967, adopt\u00f3 el h\u00e1bito de las Misioneras Sociales de la Iglesia y, en 1976, hizo su profesi\u00f3n perpetua en esta nueva congregaci\u00f3n.<br \/>La Hna. Amada se destac\u00f3 como maestra de novicias, siendo conocida por su rectitud, exigencia y su firme lucha contra la mentira y la hipocres\u00eda. Su principal deseo era que las hermanas se formaran en valores humanos y morales. Fue reconocida como cofundadora de la Congregaci\u00f3n de las Misioneras Sociales de la Iglesia en 1991.<br \/>Falleci\u00f3 el 16 de marzo de 2019 en Guayllabamba, y sus restos fueron trasladados a Loja, donde descansan. Su legado perdura en la congregaci\u00f3n y en la formaci\u00f3n de muchas hermanas que siguieron su ejemplo de fe y dedicaci\u00f3n.<\/p>\t\t\t\t\t\t\t\t<\/div>\n\t\t\t\t<\/div>\n\t\t\t\t<\/div>\n\t\t\t\t<\/div>\n\t\t\t\t<\/div>\n\t\t<div class=\"elementor-element elementor-element-22253d12 e-con-full e-flex wpr-particle-no wpr-jarallax-no wpr-parallax-no wpr-sticky-section-no wpr-equal-height-no e-con e-parent\" data-id=\"22253d12\" data-element_type=\"container\" data-e-type=\"container\" data-settings=\"{&quot;background_background&quot;:&quot;classic&quot;,&quot;shape_divider_bottom&quot;:&quot;mountains&quot;}\">\n\t\t\t\t<div class=\"elementor-shape elementor-shape-bottom\" aria-hidden=\"true\" data-negative=\"false\">\n\t\t\t<svg xmlns=\"http:\/\/www.w3.org\/2000\/svg\" viewBox=\"0 0 1000 100\" preserveAspectRatio=\"none\">\n\t<path class=\"elementor-shape-fill\" opacity=\"0.33\" d=\"M473,67.3c-203.9,88.3-263.1-34-320.3,0C66,119.1,0,59.7,0,59.7V0h1000v59.7 c0,0-62.1,26.1-94.9,29.3c-32.8,3.3-62.8-12.3-75.8-22.1C806,49.6,745.3,8.7,694.9,4.7S492.4,59,473,67.3z\"\/>\n\t<path class=\"elementor-shape-fill\" opacity=\"0.66\" d=\"M734,67.3c-45.5,0-77.2-23.2-129.1-39.1c-28.6-8.7-150.3-10.1-254,39.1 s-91.7-34.4-149.2,0C115.7,118.3,0,39.8,0,39.8V0h1000v36.5c0,0-28.2-18.5-92.1-18.5C810.2,18.1,775.7,67.3,734,67.3z\"\/>\n\t<path class=\"elementor-shape-fill\" d=\"M766.1,28.9c-200-57.5-266,65.5-395.1,19.5C242,1.8,242,5.4,184.8,20.6C128,35.8,132.3,44.9,89.9,52.5C28.6,63.7,0,0,0,0 h1000c0,0-9.9,40.9-83.6,48.1S829.6,47,766.1,28.9z\"\/>\n<\/svg>\t\t<\/div>\n\t\t<div class=\"elementor-element elementor-element-22c4703d e-flex e-con-boxed wpr-particle-no wpr-jarallax-no wpr-parallax-no wpr-sticky-section-no wpr-equal-height-no e-con e-child\" data-id=\"22c4703d\" data-element_type=\"container\" data-e-type=\"container\">\n\t\t\t\t\t<div class=\"e-con-inner\">\n\t\t\t\t<div class=\"elementor-element elementor-element-5185780e elementor-widget elementor-widget-heading\" data-id=\"5185780e\" data-element_type=\"widget\" data-e-type=\"widget\" data-widget_type=\"heading.default\">\n\t\t\t\t<div class=\"elementor-widget-container\">\n\t\t\t\t\t<h2 class=\"elementor-heading-title elementor-size-default\">\u00bfQuieres donar?<\/h2>\t\t\t\t<\/div>\n\t\t\t\t<\/div>\n\t\t\t\t\t<\/div>\n\t\t\t\t<\/div>\n\t\t<div class=\"elementor-element elementor-element-59ab795 e-flex e-con-boxed wpr-particle-no wpr-jarallax-no wpr-parallax-no wpr-sticky-section-no wpr-equal-height-no e-con e-child\" data-id=\"59ab795\" data-element_type=\"container\" data-e-type=\"container\">\n\t\t\t\t\t<div class=\"e-con-inner\">\n\t\t\t\t<div class=\"elementor-element elementor-element-c049035 elementor-widget__width-initial elementor-widget elementor-widget-text-editor\" data-id=\"c049035\" data-element_type=\"widget\" data-e-type=\"widget\" data-widget_type=\"text-editor.default\">\n\t\t\t\t<div class=\"elementor-widget-container\">\n\t\t\t\t\t\t\t\t\t<p>Una manera de colaborar con nuestra misi\u00f3n y nuestros proyectos solidarios y misioneros es a trav\u00e9s de tu aporte voluntario.<\/p>\t\t\t\t\t\t\t\t<\/div>\n\t\t\t\t<\/div>\n\t\t\t\t\t<\/div>\n\t\t\t\t<\/div>\n\t\t<div class=\"elementor-element elementor-element-158ab893 e-flex e-con-boxed wpr-particle-no wpr-jarallax-no wpr-parallax-no wpr-sticky-section-no wpr-equal-height-no e-con e-child\" data-id=\"158ab893\" data-element_type=\"container\" data-e-type=\"container\">\n\t\t\t\t\t<div class=\"e-con-inner\">\n\t\t\t\t<div class=\"elementor-element elementor-element-544f10ea elementor-align-center elementor-widget elementor-widget-button\" data-id=\"544f10ea\" data-element_type=\"widget\" data-e-type=\"widget\" data-widget_type=\"button.default\">\n\t\t\t\t<div class=\"elementor-widget-container\">\n\t\t\t\t\t\t\t\t\t<div class=\"elementor-button-wrapper\">\n\t\t\t\t\t<a class=\"elementor-button elementor-button-link elementor-size-sm\" href=\"https:\/\/misionerassocialesdelaiglesia.org.ec\/?page_id=974\">\n\t\t\t\t\t\t<span class=\"elementor-button-content-wrapper\">\n\t\t\t\t\t\t\t\t\t<span class=\"elementor-button-text\">Donar<\/span>\n\t\t\t\t\t<\/span>\n\t\t\t\t\t<\/a>\n\t\t\t\t<\/div>\n\t\t\t\t\t\t\t\t<\/div>\n\t\t\t\t<\/div>\n\t\t\t\t\t<\/div>\n\t\t\t\t<\/div>\n\t\t\t\t<\/div>\n\t\t\t\t<\/div>\n\t\t","protected":false},"excerpt":{"rendered":"<p>Nuestra Historia Nuestro Fundador Biograf\u00eda El P. Juli\u00e1n Lorente Lozano naci\u00f3 el 26 de agosto de 1918 en La Calzada de Oropesa (Toledo). Fue el sexto de siete hermanos en una familia profundamente religiosa: su padre, Desiderio Lorente, era un hombre de gran fe y honor, mientras que su madre, Francisca Lozano, destacaba por su bondad y generosidad.Durante la Guerra Civil Espa\u00f1ola (1936-1939), vivi\u00f3 la dureza del conflicto, una experiencia que lo marc\u00f3 profundamente, desarrollando una gran empat\u00eda hacia los pobres. Tras la guerra, estudi\u00f3 Farmacia en Madrid, donde se gradu\u00f3 en 1945.Fue ordenado sacerdote el 9 de septiembre de 1951 en \u00c1vila. En 1952, cumpli\u00f3 su sue\u00f1o de ser misionero en Hispanoam\u00e9rica, primero en Nicaragua y luego en Ecuador. Su labor fue incansable, ayudando a los m\u00e1s necesitados mediante la fundaci\u00f3n de comedores, escuelas, dispensarios y ofreciendo atenci\u00f3n m\u00e9dica. Su salud se vio afectada por el agotamiento, lo que le oblig\u00f3 a regresar a Espa\u00f1a en 1970.A lo largo de su vida, fund\u00f3 dos congregaciones: en 1953, las Misioneras Catequistas Lumen Christi en Nicaragua, y en 1965, las Misioneras Sociales de la Iglesia en Ecuador.Falleci\u00f3 el 9 de mayo de 2015, a los 96 a\u00f1os, en Plasencia (Espa\u00f1a). Sus restos descansan en la Capilla de la Casa Madre de las Misioneras Sociales de la Iglesia en Loja, Ecuador. P. Juli\u00e1n Lorente Lozano Hna. Amada Graciela Campos Delgado Nuestra Cofundadora Biograf\u00eda Hna. Amada Graciela Campos Delgado naci\u00f3 en Riobamba, Ecuador, el 26 de noviembre de 1926, hija de Avelino Campos y Abigail Delgado. Ingres\u00f3 a la Congregaci\u00f3n del Buen Pastor el 26 de mayo de 1947, donde hizo su primera profesi\u00f3n temporal en 1950 y su profesi\u00f3n perpetua en 1953.En 1965, con la autorizaci\u00f3n de la Santa Sede, se traslad\u00f3 a Loja, Ecuador, para ayudar en la formaci\u00f3n de la nueva Congregaci\u00f3n de las Misioneras Sociales de la Iglesia, tras la disoluci\u00f3n de la Congregaci\u00f3n Cesante de las Hermanas Auxiliares del Buen Pastor, de acuerdo con las disposiciones del Concilio Vaticano II. En 1967, adopt\u00f3 el h\u00e1bito de las Misioneras Sociales de la Iglesia y, en 1976, hizo su profesi\u00f3n perpetua en esta nueva congregaci\u00f3n.La Hna. Amada se destac\u00f3 como maestra de novicias, siendo conocida por su rectitud, exigencia y su firme lucha contra la mentira y la hipocres\u00eda. Su principal deseo era que las hermanas se formaran en valores humanos y morales. Fue reconocida como cofundadora de la Congregaci\u00f3n de las Misioneras Sociales de la Iglesia en 1991.Falleci\u00f3 el 16 de marzo de 2019 en Guayllabamba, y sus restos fueron trasladados a Loja, donde descansan. Su legado perdura en la congregaci\u00f3n y en la formaci\u00f3n de muchas hermanas que siguieron su ejemplo de fe y dedicaci\u00f3n. \u00bfQuieres donar? Una manera de colaborar con nuestra misi\u00f3n y nuestros proyectos solidarios y misioneros es a trav\u00e9s de tu aporte voluntario. Donar<\/p>\n","protected":false},"author":1,"featured_media":0,"parent":0,"menu_order":0,"comment_status":"closed","ping_status":"closed","template":"","meta":{"_acf_changed":false,"site-sidebar-layout":"no-sidebar","site-content-layout":"","ast-site-content-layout":"full-width-container","site-content-style":"default","site-sidebar-style":"default","ast-global-header-display":"","ast-banner-title-visibility":"","ast-main-header-display":"","ast-hfb-above-header-display":"","ast-hfb-below-header-display":"","ast-hfb-mobile-header-display":"","site-post-title":"disabled","ast-breadcrumbs-content":"","ast-featured-img":"disabled","footer-sml-layout":"","ast-disable-related-posts":"","theme-transparent-header-meta":"","adv-header-id-meta":"","stick-header-meta":"","header-above-stick-meta":"","header-main-stick-meta":"","header-below-stick-meta":"","astra-migrate-meta-layouts":"default","ast-page-background-enabled":"default","ast-page-background-meta":{"desktop":{"background-color":"var(--ast-global-color-4)","background-image":"","background-repeat":"repeat","background-position":"center center","background-size":"auto","background-attachment":"scroll","background-type":"","background-media":"","overlay-type":"","overlay-color":"","overlay-opacity":"","overlay-gradient":""},"tablet":{"background-color":"","background-image":"","background-repeat":"repeat","background-position":"center center","background-size":"auto","background-attachment":"scroll","background-type":"","background-media":"","overlay-type":"","overlay-color":"","overlay-opacity":"","overlay-gradient":""},"mobile":{"background-color":"","background-image":"","background-repeat":"repeat","background-position":"center center","background-size":"auto","background-attachment":"scroll","background-type":"","background-media":"","overlay-type":"","overlay-color":"","overlay-opacity":"","overlay-gradient":""}},"ast-content-background-meta":{"desktop":{"background-color":"var(--ast-global-color-5)","background-image":"","background-repeat":"repeat","background-position":"center center","background-size":"auto","background-attachment":"scroll","background-type":"","background-media":"","overlay-type":"","overlay-color":"","overlay-opacity":"","overlay-gradient":""},"tablet":{"background-color":"var(--ast-global-color-5)","background-image":"","background-repeat":"repeat","background-position":"center center","background-size":"auto","background-attachment":"scroll","background-type":"","background-media":"","overlay-type":"","overlay-color":"","overlay-opacity":"","overlay-gradient":""},"mobile":{"background-color":"var(--ast-global-color-5)","background-image":"","background-repeat":"repeat","background-position":"center center","background-size":"auto","background-attachment":"scroll","background-type":"","background-media":"","overlay-type":"","overlay-color":"","overlay-opacity":"","overlay-gradient":""}},"footnotes":""},"class_list":["post-222","page","type-page","status-publish","hentry"],"acf":[],"aioseo_notices":[],"_links":{"self":[{"href":"https:\/\/misionerassocialesdelaiglesia.org.ec\/index.php?rest_route=\/wp\/v2\/pages\/222","targetHints":{"allow":["GET"]}}],"collection":[{"href":"https:\/\/misionerassocialesdelaiglesia.org.ec\/index.php?rest_route=\/wp\/v2\/pages"}],"about":[{"href":"https:\/\/misionerassocialesdelaiglesia.org.ec\/index.php?rest_route=\/wp\/v2\/types\/page"}],"author":[{"embeddable":true,"href":"https:\/\/misionerassocialesdelaiglesia.org.ec\/index.php?rest_route=\/wp\/v2\/users\/1"}],"replies":[{"embeddable":true,"href":"https:\/\/misionerassocialesdelaiglesia.org.ec\/index.php?rest_route=%2Fwp%2Fv2%2Fcomments&post=222"}],"version-history":[{"count":1,"href":"https:\/\/misionerassocialesdelaiglesia.org.ec\/index.php?rest_route=\/wp\/v2\/pages\/222\/revisions"}],"predecessor-version":[{"id":2934,"href":"https:\/\/misionerassocialesdelaiglesia.org.ec\/index.php?rest_route=\/wp\/v2\/pages\/222\/revisions\/2934"}],"wp:attachment":[{"href":"https:\/\/misionerassocialesdelaiglesia.org.ec\/index.php?rest_route=%2Fwp%2Fv2%2Fmedia&parent=222"}],"curies":[{"name":"wp","href":"https:\/\/api.w.org\/{rel}","templated":true}]}}